{"id":694,"date":"2025-02-26T22:35:22","date_gmt":"2025-02-26T21:35:22","guid":{"rendered":"https:\/\/www.worldcastgraphics.com\/?page_id=694"},"modified":"2025-12-23T19:35:45","modified_gmt":"2025-12-23T18:35:45","slug":"mentions-legales","status":"publish","type":"page","link":"https:\/\/www.worldcastgraphics.com\/index.php\/mentions-legales\/","title":{"rendered":"Mentions L\u00e9gales"},"content":{"rendered":"\t\t<div data-elementor-type=\"wp-page\" data-elementor-id=\"694\" class=\"elementor elementor-694\">\n\t\t\t\t\t\t<section class=\"elementor-section elementor-top-section elementor-element elementor-element-5cf97991 elementor-section-boxed elementor-section-height-default elementor-section-height-default\" data-id=\"5cf97991\" data-element_type=\"section\">\n\t\t\t\t\t\t<div class=\"elementor-container elementor-column-gap-default\">\n\t\t\t\t\t<div class=\"elementor-column elementor-col-100 elementor-top-column elementor-element elementor-element-f05f2f9\" data-id=\"f05f2f9\" data-element_type=\"column\">\n\t\t\t<div class=\"elementor-widget-wrap elementor-element-populated\">\n\t\t\t\t\t\t<div class=\"elementor-element elementor-element-567ba5b elementor-widget elementor-widget-heading\" data-id=\"567ba5b\" data-element_type=\"widget\" data-widget_type=\"heading.default\">\n\t\t\t\t<div class=\"elementor-widget-container\">\n\t\t\t\t\t<h3 class=\"elementor-heading-title elementor-size-default\">Mentions L\u00e9gales<\/h3>\t\t\t\t<\/div>\n\t\t\t\t<\/div>\n\t\t\t\t<div class=\"elementor-element elementor-element-1784a720 elementor-widget elementor-widget-text-editor\" data-id=\"1784a720\" data-element_type=\"widget\" data-widget_type=\"text-editor.default\">\n\t\t\t\t<div class=\"elementor-widget-container\">\n\t\t\t\t\t\t\t\t\t\n<ol class=\"wp-block-list\">\n<li><strong>\u00c9diteur du site<\/strong><br \/>Nom et pr\u00e9nom : DELAFLORE Isidore<br \/>Statut : Auto-entrepreneur<br \/>Adresse : 21 RUE SAINTE BARBE &#8211; 77230 DAMMARTIN-EN-GOELE<br \/>T\u00e9l\u00e9phone : 07 60 90 05 58<br \/>Email : worldcastgraphics@gmail.com<br \/>Num\u00e9ro SIRET : 45310129700043<br \/>Dispens\u00e9 d\u2019immatriculation au RCS et au RM conform\u00e9ment \u00e0 l&rsquo;article L123-1-1 du Code<br \/>de commerce.<br \/>TVA non applicable \u2013 article 293 B du CGI<\/li>\n<li><strong>H\u00e9bergeur du site<\/strong><br \/>Nom de l\u2019h\u00e9bergeur : OVH<br \/>Adresse : 2, rue Kellermann<br \/>T\u00e9l\u00e9phone : +33 9 72 10 10 07<br \/>Site web : https:\/\/www.ovh.com\/<\/li>\n<li><strong>Propri\u00e9t\u00e9 intellectuelle<\/strong><br \/>L\u2019ensemble des \u00e9l\u00e9ments pr\u00e9sents sur ce site (WORLDCAST GRAPHICS) \u2013 textes,<br \/>images, logos, graphismes \u2013 est prot\u00e9g\u00e9 par le droit de la propri\u00e9t\u00e9 intellectuelle. Toute<br \/>reproduction ou utilisation sans autorisation est interdite.<\/li>\n<li><strong>Responsabilit\u00e9<\/strong><br \/>L\u2019\u00e9diteur du site met tout en \u0153uvre pour fournir des informations fiables, mais ne peut<br \/>garantir leur exactitude ou leur mise \u00e0 jour en temps r\u00e9el. Il d\u00e9cline toute responsabilit\u00e9<br \/>en cas d\u2019erreurs, de dysfonctionnements ou d\u2019\u00e9ventuels dommages li\u00e9s \u00e0 l\u2019utilisation du<br \/>site.<\/li>\n<li><strong>Protection des donn\u00e9es<\/strong> personnelles<br \/>Ce site peut collecter des donn\u00e9es personnelles via les formulaires de contact ou des<br \/>cookies. Ces donn\u00e9es sont utilis\u00e9es uniquement pour r\u00e9pondre aux demandes des<br \/>utilisateurs et ne sont jamais revendues \u00e0 des tiers.<br \/>Conform\u00e9ment au RGPD, vous avez un droit d\u2019acc\u00e8s, de rectification et de suppression<br \/>de vos donn\u00e9es. Vous pouvez exercer ces droits en envoyant un e-mail \u00e0<br \/>worldcastgraphics@gmail.com<\/li>\n<li><strong>Cookies<\/strong><br \/>Ce site utilise des cookies pour am\u00e9liorer l\u2019exp\u00e9rience utilisateur et mesurer l\u2019audience.<br \/>Vous pouvez modifier vos pr\u00e9f\u00e9rences en mati\u00e8re de cookies dans les param\u00e8tres de<br \/>votre navigateur.<\/li>\n<\/ol>\n\t\t\t\t\t\t\t\t<\/div>\n\t\t\t\t<\/div>\n\t\t\t\t\t<\/div>\n\t\t<\/div>\n\t\t\t\t\t<\/div>\n\t\t<\/section>\n\t\t\t\t<\/div>\n\t\t","protected":false},"excerpt":{"rendered":"<p>Mentions L\u00e9gales \u00c9diteur du siteNom et pr\u00e9nom : DELAFLORE IsidoreStatut : Auto-entrepreneurAdresse : 21 RUE SAINTE BARBE &#8211; 77230 DAMMARTIN-EN-GOELET\u00e9l\u00e9phone : 07 60 90 05 58Email : worldcastgraphics@gmail.comNum\u00e9ro SIRET : 45310129700043Dispens\u00e9 d\u2019immatriculation au RCS et au RM conform\u00e9ment \u00e0 l&rsquo;article L123-1-1 du Codede commerce.TVA non applicable \u2013 article 293 B du CGI H\u00e9bergeur du siteNom [&hellip;]<\/p>\n","protected":false},"author":1,"featured_media":0,"parent":0,"menu_order":0,"comment_status":"closed","ping_status":"closed","template":"","meta":{"site-sidebar-layout":"default","site-content-layout":"default","ast-site-content-layout":"default","site-content-style":"default","site-sidebar-style":"default","ast-global-header-display":"","ast-banner-title-visibility":"","ast-main-header-display":"","ast-hfb-above-header-display":"","ast-hfb-below-header-display":"","ast-hfb-mobile-header-display":"","site-post-title":"","ast-breadcrumbs-content":"","ast-featured-img":"","footer-sml-layout":"","ast-disable-related-posts":"","theme-transparent-header-meta":"default","adv-header-id-meta":"","stick-header-meta":"","header-above-stick-meta":"","header-main-stick-meta":"","header-below-stick-meta":"","astra-migrate-meta-layouts":"set","ast-page-background-enabled":"default","ast-page-background-meta":{"desktop":{"background-color":"var(--ast-global-color-4)","background-image":"","background-repeat":"repeat","background-position":"center center","background-size":"auto","background-attachment":"scroll","background-type":"","background-media":"","overlay-type":"","overlay-color":"","overlay-opacity":"","overlay-gradient":""},"tablet":{"background-color":"","background-image":"","background-repeat":"repeat","background-position":"center center","background-size":"auto","background-attachment":"scroll","background-type":"","background-media":"","overlay-type":"","overlay-color":"","overlay-opacity":"","overlay-gradient":""},"mobile":{"background-color":"","background-image":"","background-repeat":"repeat","background-position":"center center","background-size":"auto","background-attachment":"scroll","background-type":"","background-media":"","overlay-type":"","overlay-color":"","overlay-opacity":"","overlay-gradient":""}},"ast-content-background-meta":{"desktop":{"background-color":"var(--ast-global-color-5)","background-image":"","background-repeat":"repeat","background-position":"center center","background-size":"auto","background-attachment":"scroll","background-type":"","background-media":"","overlay-type":"","overlay-color":"","overlay-opacity":"","overlay-gradient":""},"tablet":{"background-color":"var(--ast-global-color-5)","background-image":"","background-repeat":"repeat","background-position":"center center","background-size":"auto","background-attachment":"scroll","background-type":"","background-media":"","overlay-type":"","overlay-color":"","overlay-opacity":"","overlay-gradient":""},"mobile":{"background-color":"var(--ast-global-color-5)","background-image":"","background-repeat":"repeat","background-position":"center center","background-size":"auto","background-attachment":"scroll","background-type":"","background-media":"","overlay-type":"","overlay-color":"","overlay-opacity":"","overlay-gradient":""}},"footnotes":""},"class_list":["post-694","page","type-page","status-publish","hentry"],"yoast_head":"<!-- This site is optimized with the Yoast SEO plugin v27.0 - https:\/\/yoast.com\/product\/yoast-seo-wordpress\/ -->\n<title>Mentions l\u00e9gales \u2013 Worldcast Graphics<\/title>\n<meta name=\"description\" content=\"Consultez les mentions l\u00e9gales de Worldcast Graphics : informations sur l\u2019\u00e9diteur du site, l\u2019h\u00e9bergeur, la propri\u00e9t\u00e9 intellectuelle et les responsabilit\u00e9s.\" \/>\n<meta name=\"robots\" content=\"index, follow, max-snippet:-1, max-image-preview:large, max-video-preview:-1\" \/>\n<link rel=\"canonical\" href=\"https:\/\/www.worldcastgraphics.com\/index.php\/mentions-legales\/\" \/>\n<meta property=\"og:locale\" content=\"fr_FR\" \/>\n<meta property=\"og:type\" content=\"article\" \/>\n<meta property=\"og:title\" content=\"Mentions l\u00e9gales \u2013 Worldcast Graphics\" \/>\n<meta property=\"og:description\" content=\"Consultez les mentions l\u00e9gales de Worldcast Graphics : informations sur l\u2019\u00e9diteur du site, l\u2019h\u00e9bergeur, la propri\u00e9t\u00e9 intellectuelle et les responsabilit\u00e9s.\" \/>\n<meta property=\"og:url\" content=\"https:\/\/www.worldcastgraphics.com\/index.php\/mentions-legales\/\" \/>\n<meta property=\"og:site_name\" content=\"Worldcast Graphic\" \/>\n<meta property=\"article:modified_time\" content=\"2025-12-23T18:35:45+00:00\" \/>\n<meta name=\"twitter:card\" content=\"summary_large_image\" \/>\n<meta name=\"twitter:label1\" content=\"Dur\u00e9e de lecture estim\u00e9e\" \/>\n\t<meta name=\"twitter:data1\" content=\"2 minutes\" \/>\n<script type=\"application\/ld+json\" class=\"yoast-schema-graph\">{\"@context\":\"https:\/\/schema.org\",\"@graph\":[{\"@type\":\"WebPage\",\"@id\":\"https:\/\/www.worldcastgraphics.com\/index.php\/mentions-legales\/\",\"url\":\"https:\/\/www.worldcastgraphics.com\/index.php\/mentions-legales\/\",\"name\":\"Mentions l\u00e9gales \u2013 Worldcast Graphics\",\"isPartOf\":{\"@id\":\"https:\/\/www.worldcastgraphics.com\/#website\"},\"datePublished\":\"2025-02-26T21:35:22+00:00\",\"dateModified\":\"2025-12-23T18:35:45+00:00\",\"description\":\"Consultez les mentions l\u00e9gales de Worldcast Graphics : informations sur l\u2019\u00e9diteur du site, l\u2019h\u00e9bergeur, la propri\u00e9t\u00e9 intellectuelle et les responsabilit\u00e9s.\",\"breadcrumb\":{\"@id\":\"https:\/\/www.worldcastgraphics.com\/index.php\/mentions-legales\/#breadcrumb\"},\"inLanguage\":\"fr-FR\",\"potentialAction\":[{\"@type\":\"ReadAction\",\"target\":[\"https:\/\/www.worldcastgraphics.com\/index.php\/mentions-legales\/\"]}]},{\"@type\":\"BreadcrumbList\",\"@id\":\"https:\/\/www.worldcastgraphics.com\/index.php\/mentions-legales\/#breadcrumb\",\"itemListElement\":[{\"@type\":\"ListItem\",\"position\":1,\"name\":\"Accueil\",\"item\":\"https:\/\/www.worldcastgraphics.com\/\"},{\"@type\":\"ListItem\",\"position\":2,\"name\":\"Mentions L\u00e9gales\"}]},{\"@type\":\"WebSite\",\"@id\":\"https:\/\/www.worldcastgraphics.com\/#website\",\"url\":\"https:\/\/www.worldcastgraphics.com\/\",\"name\":\"WorldCast Graphics\",\"description\":\"Worldcast Graphics\",\"publisher\":{\"@id\":\"https:\/\/www.worldcastgraphics.com\/#\/schema\/person\/38e50573cf516f65d0d78720022d6c76\"},\"potentialAction\":[{\"@type\":\"SearchAction\",\"target\":{\"@type\":\"EntryPoint\",\"urlTemplate\":\"https:\/\/www.worldcastgraphics.com\/?s={search_term_string}\"},\"query-input\":{\"@type\":\"PropertyValueSpecification\",\"valueRequired\":true,\"valueName\":\"search_term_string\"}}],\"inLanguage\":\"fr-FR\"},{\"@type\":[\"Person\",\"Organization\"],\"@id\":\"https:\/\/www.worldcastgraphics.com\/#\/schema\/person\/38e50573cf516f65d0d78720022d6c76\",\"name\":\"admin1370\",\"image\":{\"@type\":\"ImageObject\",\"inLanguage\":\"fr-FR\",\"@id\":\"https:\/\/www.worldcastgraphics.com\/#\/schema\/person\/image\/\",\"url\":\"https:\/\/www.worldcastgraphics.com\/wp-content\/uploads\/2025\/12\/cropped-cropped-cropped-LOGO-WORLDCAST-GRAPHICS-01-1.png\",\"contentUrl\":\"https:\/\/www.worldcastgraphics.com\/wp-content\/uploads\/2025\/12\/cropped-cropped-cropped-LOGO-WORLDCAST-GRAPHICS-01-1.png\",\"width\":505,\"height\":224,\"caption\":\"admin1370\"},\"logo\":{\"@id\":\"https:\/\/www.worldcastgraphics.com\/#\/schema\/person\/image\/\"},\"sameAs\":[\"http:\/\/www.worldcastgraphics.com\"]}]}<\/script>\n<!-- \/ Yoast SEO plugin. -->","yoast_head_json":{"title":"Mentions l\u00e9gales \u2013 Worldcast Graphics","description":"Consultez les mentions l\u00e9gales de Worldcast Graphics : informations sur l\u2019\u00e9diteur du site, l\u2019h\u00e9bergeur, la propri\u00e9t\u00e9 intellectuelle et les responsabilit\u00e9s.","robots":{"index":"index","follow":"follow","max-snippet":"max-snippet:-1","max-image-preview":"max-image-preview:large","max-video-preview":"max-video-preview:-1"},"canonical":"https:\/\/www.worldcastgraphics.com\/index.php\/mentions-legales\/","og_locale":"fr_FR","og_type":"article","og_title":"Mentions l\u00e9gales \u2013 Worldcast Graphics","og_description":"Consultez les mentions l\u00e9gales de Worldcast Graphics : informations sur l\u2019\u00e9diteur du site, l\u2019h\u00e9bergeur, la propri\u00e9t\u00e9 intellectuelle et les responsabilit\u00e9s.","og_url":"https:\/\/www.worldcastgraphics.com\/index.php\/mentions-legales\/","og_site_name":"Worldcast Graphic","article_modified_time":"2025-12-23T18:35:45+00:00","twitter_card":"summary_large_image","twitter_misc":{"Dur\u00e9e de lecture estim\u00e9e":"2 minutes"},"schema":{"@context":"https:\/\/schema.org","@graph":[{"@type":"WebPage","@id":"https:\/\/www.worldcastgraphics.com\/index.php\/mentions-legales\/","url":"https:\/\/www.worldcastgraphics.com\/index.php\/mentions-legales\/","name":"Mentions l\u00e9gales \u2013 Worldcast Graphics","isPartOf":{"@id":"https:\/\/www.worldcastgraphics.com\/#website"},"datePublished":"2025-02-26T21:35:22+00:00","dateModified":"2025-12-23T18:35:45+00:00","description":"Consultez les mentions l\u00e9gales de Worldcast Graphics : informations sur l\u2019\u00e9diteur du site, l\u2019h\u00e9bergeur, la propri\u00e9t\u00e9 intellectuelle et les responsabilit\u00e9s.","breadcrumb":{"@id":"https:\/\/www.worldcastgraphics.com\/index.php\/mentions-legales\/#breadcrumb"},"inLanguage":"fr-FR","potentialAction":[{"@type":"ReadAction","target":["https:\/\/www.worldcastgraphics.com\/index.php\/mentions-legales\/"]}]},{"@type":"BreadcrumbList","@id":"https:\/\/www.worldcastgraphics.com\/index.php\/mentions-legales\/#breadcrumb","itemListElement":[{"@type":"ListItem","position":1,"name":"Accueil","item":"https:\/\/www.worldcastgraphics.com\/"},{"@type":"ListItem","position":2,"name":"Mentions L\u00e9gales"}]},{"@type":"WebSite","@id":"https:\/\/www.worldcastgraphics.com\/#website","url":"https:\/\/www.worldcastgraphics.com\/","name":"WorldCast Graphics","description":"Worldcast Graphics","publisher":{"@id":"https:\/\/www.worldcastgraphics.com\/#\/schema\/person\/38e50573cf516f65d0d78720022d6c76"},"potentialAction":[{"@type":"SearchAction","target":{"@type":"EntryPoint","urlTemplate":"https:\/\/www.worldcastgraphics.com\/?s={search_term_string}"},"query-input":{"@type":"PropertyValueSpecification","valueRequired":true,"valueName":"search_term_string"}}],"inLanguage":"fr-FR"},{"@type":["Person","Organization"],"@id":"https:\/\/www.worldcastgraphics.com\/#\/schema\/person\/38e50573cf516f65d0d78720022d6c76","name":"admin1370","image":{"@type":"ImageObject","inLanguage":"fr-FR","@id":"https:\/\/www.worldcastgraphics.com\/#\/schema\/person\/image\/","url":"https:\/\/www.worldcastgraphics.com\/wp-content\/uploads\/2025\/12\/cropped-cropped-cropped-LOGO-WORLDCAST-GRAPHICS-01-1.png","contentUrl":"https:\/\/www.worldcastgraphics.com\/wp-content\/uploads\/2025\/12\/cropped-cropped-cropped-LOGO-WORLDCAST-GRAPHICS-01-1.png","width":505,"height":224,"caption":"admin1370"},"logo":{"@id":"https:\/\/www.worldcastgraphics.com\/#\/schema\/person\/image\/"},"sameAs":["http:\/\/www.worldcastgraphics.com"]}]}},"_links":{"self":[{"href":"https:\/\/www.worldcastgraphics.com\/index.php\/wp-json\/wp\/v2\/pages\/694","targetHints":{"allow":["GET"]}}],"collection":[{"href":"https:\/\/www.worldcastgraphics.com\/index.php\/wp-json\/wp\/v2\/pages"}],"about":[{"href":"https:\/\/www.worldcastgraphics.com\/index.php\/wp-json\/wp\/v2\/types\/page"}],"author":[{"embeddable":true,"href":"https:\/\/www.worldcastgraphics.com\/index.php\/wp-json\/wp\/v2\/users\/1"}],"replies":[{"embeddable":true,"href":"https:\/\/www.worldcastgraphics.com\/index.php\/wp-json\/wp\/v2\/comments?post=694"}],"version-history":[{"count":14,"href":"https:\/\/www.worldcastgraphics.com\/index.php\/wp-json\/wp\/v2\/pages\/694\/revisions"}],"predecessor-version":[{"id":1046,"href":"https:\/\/www.worldcastgraphics.com\/index.php\/wp-json\/wp\/v2\/pages\/694\/revisions\/1046"}],"wp:attachment":[{"href":"https:\/\/www.worldcastgraphics.com\/index.php\/wp-json\/wp\/v2\/media?parent=694"}],"curies":[{"name":"wp","href":"https:\/\/api.w.org\/{rel}","templated":true}]}}