{"id":101,"date":"2021-07-06T17:51:02","date_gmt":"2021-07-06T15:51:02","guid":{"rendered":"http:\/\/www.worldcastgraphics.com\/?page_id=101"},"modified":"2025-12-23T20:55:22","modified_gmt":"2025-12-23T19:55:22","slug":"entreprise","status":"publish","type":"page","link":"https:\/\/www.worldcastgraphics.com\/index.php\/entreprise\/","title":{"rendered":"Entreprise"},"content":{"rendered":"\t\t<div data-elementor-type=\"wp-page\" data-elementor-id=\"101\" class=\"elementor elementor-101\">\n\t\t\t\t\t\t<section class=\"elementor-section elementor-top-section elementor-element elementor-element-c1adebe elementor-section-full_width elementor-section-height-min-height elementor-section-height-default elementor-section-items-middle\" data-id=\"c1adebe\" data-element_type=\"section\">\n\t\t\t\t\t\t\t<div class=\"elementor-background-overlay\"><\/div>\n\t\t\t\t\t\t\t<div class=\"elementor-container elementor-column-gap-wide\">\n\t\t\t\t\t<div class=\"elementor-column elementor-col-100 elementor-top-column elementor-element elementor-element-1c87c4e\" data-id=\"1c87c4e\" data-element_type=\"column\">\n\t\t\t<div class=\"elementor-widget-wrap\">\n\t\t\t\t\t\t\t<\/div>\n\t\t<\/div>\n\t\t\t\t\t<\/div>\n\t\t<\/section>\n\t\t\t\t<section class=\"elementor-section elementor-top-section elementor-element elementor-element-3d79a6c elementor-section-boxed elementor-section-height-default elementor-section-height-default\" data-id=\"3d79a6c\" data-element_type=\"section\">\n\t\t\t\t\t\t<div class=\"elementor-container elementor-column-gap-default\">\n\t\t\t\t\t<div class=\"elementor-column elementor-col-100 elementor-top-column elementor-element elementor-element-4fa4f44\" data-id=\"4fa4f44\" data-element_type=\"column\">\n\t\t\t<div class=\"elementor-widget-wrap elementor-element-populated\">\n\t\t\t\t\t\t<div class=\"elementor-element elementor-element-3154bb4 elementor-widget-divider--view-line elementor-widget elementor-widget-divider\" data-id=\"3154bb4\" data-element_type=\"widget\" data-widget_type=\"divider.default\">\n\t\t\t\t<div class=\"elementor-widget-container\">\n\t\t\t\t\t\t\t<div class=\"elementor-divider\">\n\t\t\t<span class=\"elementor-divider-separator\">\n\t\t\t\t\t\t<\/span>\n\t\t<\/div>\n\t\t\t\t\t\t<\/div>\n\t\t\t\t<\/div>\n\t\t\t\t\t<\/div>\n\t\t<\/div>\n\t\t\t\t\t<\/div>\n\t\t<\/section>\n\t\t\t\t<section class=\"elementor-section elementor-top-section elementor-element elementor-element-db9482f elementor-section-height-min-height elementor-section-boxed elementor-section-height-default elementor-section-items-middle\" data-id=\"db9482f\" data-element_type=\"section\">\n\t\t\t\t\t\t<div class=\"elementor-container elementor-column-gap-default\">\n\t\t\t\t\t<div class=\"elementor-column elementor-col-100 elementor-top-column elementor-element elementor-element-2a0083e\" data-id=\"2a0083e\" data-element_type=\"column\">\n\t\t\t<div class=\"elementor-widget-wrap elementor-element-populated\">\n\t\t\t\t\t\t<div class=\"elementor-element elementor-element-579ac4a elementor-widget elementor-widget-heading\" data-id=\"579ac4a\" data-element_type=\"widget\" data-widget_type=\"heading.default\">\n\t\t\t\t<div class=\"elementor-widget-container\">\n\t\t\t\t\t<h3 class=\"elementor-heading-title elementor-size-default\">Entreprise<\/h3>\t\t\t\t<\/div>\n\t\t\t\t<\/div>\n\t\t\t\t\t<\/div>\n\t\t<\/div>\n\t\t\t\t\t<\/div>\n\t\t<\/section>\n\t\t\t\t<section class=\"elementor-section elementor-top-section elementor-element elementor-element-3d3a9d7 elementor-section-boxed elementor-section-height-default elementor-section-height-default\" data-id=\"3d3a9d7\" data-element_type=\"section\">\n\t\t\t\t\t\t<div class=\"elementor-container elementor-column-gap-default\">\n\t\t\t\t\t<div class=\"elementor-column elementor-col-100 elementor-top-column elementor-element elementor-element-c966840\" data-id=\"c966840\" data-element_type=\"column\">\n\t\t\t<div class=\"elementor-widget-wrap elementor-element-populated\">\n\t\t\t\t\t\t<div class=\"elementor-element elementor-element-06b1783 elementor-widget elementor-widget-heading\" data-id=\"06b1783\" data-element_type=\"widget\" data-widget_type=\"heading.default\">\n\t\t\t\t<div class=\"elementor-widget-container\">\n\t\t\t\t\t<h5 class=\"elementor-heading-title elementor-size-default\">L\u2019importance d\u2019un site web pour une entreprise<\/h5>\t\t\t\t<\/div>\n\t\t\t\t<\/div>\n\t\t\t\t<div class=\"elementor-element elementor-element-cbf6ab5 elementor-widget elementor-widget-text-editor\" data-id=\"cbf6ab5\" data-element_type=\"widget\" data-widget_type=\"text-editor.default\">\n\t\t\t\t<div class=\"elementor-widget-container\">\n\t\t\t\t\t\t\t\t\t<p>Avoir un site internet est un investissement pour votre entreprise. Le fait de n\u2019avoir rien qu\u2019une unique page web aura d\u00e9j\u00e0 une influence sur\u00a0votre notori\u00e9t\u00e9. Cela peut donc vous servir \u00e0 \u00eatre plus connu aupr\u00e8s de vos clients\u00a0potentiels\u00a0et donc\u00a0\u00e0 augmenter vos ventes. Votre site internet permet de vous faire conna\u00eetre davantage : il sert \u00e0 pr\u00e9senter votre activit\u00e9, vos valeurs\u2026 Comment les gens peuvent vous conna\u00eetre si on ne vous voit pas ?<\/p><p>Vous serez aussi plus cr\u00e9dible. En effet, cela fait plus professionnel\u00a0d\u2019avoir un site internet repr\u00e9sentant l\u2019entreprise, un support qui vous servira de vitrine. Les gens font confiance aux moteurs de recherche comme Google pour trouver une entreprise, donc si vous n\u2019\u00eates pas dans les r\u00e9sultats, c\u2019est comme si vous n\u2019avez pas d\u2019existence \u00e0 leurs yeux.<\/p><p><strong>Vous venez de juste cr\u00e9er votre entreprise, vous n&rsquo;\u00eates probablement pas encore connu ?<\/strong><\/p><p>Nous avons des solutions pour vous, est bien \u00eatre r\u00e9f\u00e9renc\u00e9 par plusieurs moteurs de recherche, n&rsquo;h\u00e9sitez pas \u00e0 nous demander des conseils \u00e0 nos \u00e9quipes.<\/p><p>Nous sommes \u00e0 votre dispositions \u2026<\/p><p>Pour les cr\u00e9ateurs d&rsquo;entreprises nous avons des solutions est adapt\u00e9s \u00e0 vos budgets !<\/p>\t\t\t\t\t\t\t\t<\/div>\n\t\t\t\t<\/div>\n\t\t\t\t\t<\/div>\n\t\t<\/div>\n\t\t\t\t\t<\/div>\n\t\t<\/section>\n\t\t\t\t<\/div>\n\t\t","protected":false},"excerpt":{"rendered":"<p>Entreprise L\u2019importance d\u2019un site web pour une entreprise Avoir un site internet est un investissement pour votre entreprise. Le fait de n\u2019avoir rien qu\u2019une unique page web aura d\u00e9j\u00e0 une influence sur\u00a0votre notori\u00e9t\u00e9. Cela peut donc vous servir \u00e0 \u00eatre plus connu aupr\u00e8s de vos clients\u00a0potentiels\u00a0et donc\u00a0\u00e0 augmenter vos ventes. Votre site internet permet de [&hellip;]<\/p>\n","protected":false},"author":1,"featured_media":0,"parent":0,"menu_order":0,"comment_status":"closed","ping_status":"closed","template":"","meta":{"site-sidebar-layout":"no-sidebar","site-content-layout":"default","ast-site-content-layout":"default","site-content-style":"default","site-sidebar-style":"default","ast-global-header-display":"","ast-banner-title-visibility":"","ast-main-header-display":"","ast-hfb-above-header-display":"","ast-hfb-below-header-display":"","ast-hfb-mobile-header-display":"","site-post-title":"disabled","ast-breadcrumbs-content":"","ast-featured-img":"disabled","footer-sml-layout":"","ast-disable-related-posts":"","theme-transparent-header-meta":"default","adv-header-id-meta":"","stick-header-meta":"","header-above-stick-meta":"","header-main-stick-meta":"","header-below-stick-meta":"","astra-migrate-meta-layouts":"set","ast-page-background-enabled":"default","ast-page-background-meta":{"desktop":{"background-color":"var(--ast-global-color-4)","background-image":"","background-repeat":"repeat","background-position":"center center","background-size":"auto","background-attachment":"scroll","background-type":"","background-media":"","overlay-type":"","overlay-color":"","overlay-opacity":"","overlay-gradient":""},"tablet":{"background-color":"","background-image":"","background-repeat":"repeat","background-position":"center center","background-size":"auto","background-attachment":"scroll","background-type":"","background-media":"","overlay-type":"","overlay-color":"","overlay-opacity":"","overlay-gradient":""},"mobile":{"background-color":"","background-image":"","background-repeat":"repeat","background-position":"center center","background-size":"auto","background-attachment":"scroll","background-type":"","background-media":"","overlay-type":"","overlay-color":"","overlay-opacity":"","overlay-gradient":""}},"ast-content-background-meta":{"desktop":{"background-color":"var(--ast-global-color-5)","background-image":"","background-repeat":"repeat","background-position":"center center","background-size":"auto","background-attachment":"scroll","background-type":"","background-media":"","overlay-type":"","overlay-color":"","overlay-opacity":"","overlay-gradient":""},"tablet":{"background-color":"var(--ast-global-color-5)","background-image":"","background-repeat":"repeat","background-position":"center center","background-size":"auto","background-attachment":"scroll","background-type":"","background-media":"","overlay-type":"","overlay-color":"","overlay-opacity":"","overlay-gradient":""},"mobile":{"background-color":"var(--ast-global-color-5)","background-image":"","background-repeat":"repeat","background-position":"center center","background-size":"auto","background-attachment":"scroll","background-type":"","background-media":"","overlay-type":"","overlay-color":"","overlay-opacity":"","overlay-gradient":""}},"footnotes":""},"class_list":["post-101","page","type-page","status-publish","hentry"],"yoast_head":"<!-- This site is optimized with the Yoast SEO plugin v27.0 - https:\/\/yoast.com\/product\/yoast-seo-wordpress\/ -->\n<title>Aide \u00e0 la cr\u00e9ation d&#039;entreprise en situation RQTH<\/title>\n<meta name=\"description\" content=\"Worldcast Graphics est un studio de motion design et cr\u00e9ation vid\u00e9o sp\u00e9cialis\u00e9 dans les animations, montages et graphismes professionnels pour les marques et entreprises.\" \/>\n<meta name=\"robots\" content=\"index, follow, max-snippet:-1, max-image-preview:large, max-video-preview:-1\" \/>\n<link rel=\"canonical\" href=\"https:\/\/www.worldcastgraphics.com\/index.php\/entreprise\/\" \/>\n<meta property=\"og:locale\" content=\"fr_FR\" \/>\n<meta property=\"og:type\" content=\"article\" \/>\n<meta property=\"og:title\" content=\"Aide \u00e0 la cr\u00e9ation d&#039;entreprise en situation RQTH\" \/>\n<meta property=\"og:description\" content=\"Worldcast Graphics est un studio de motion design et cr\u00e9ation vid\u00e9o sp\u00e9cialis\u00e9 dans les animations, montages et graphismes professionnels pour les marques et entreprises.\" \/>\n<meta property=\"og:url\" content=\"https:\/\/www.worldcastgraphics.com\/index.php\/entreprise\/\" \/>\n<meta property=\"og:site_name\" content=\"Worldcast Graphic\" \/>\n<meta property=\"article:modified_time\" content=\"2025-12-23T19:55:22+00:00\" \/>\n<meta name=\"twitter:card\" content=\"summary_large_image\" \/>\n<meta name=\"twitter:label1\" content=\"Dur\u00e9e de lecture estim\u00e9e\" \/>\n\t<meta name=\"twitter:data1\" content=\"1 minute\" \/>\n<script type=\"application\/ld+json\" class=\"yoast-schema-graph\">{\"@context\":\"https:\/\/schema.org\",\"@graph\":[{\"@type\":\"WebPage\",\"@id\":\"https:\/\/www.worldcastgraphics.com\/index.php\/entreprise\/\",\"url\":\"https:\/\/www.worldcastgraphics.com\/index.php\/entreprise\/\",\"name\":\"Aide \u00e0 la cr\u00e9ation d'entreprise en situation RQTH\",\"isPartOf\":{\"@id\":\"https:\/\/www.worldcastgraphics.com\/#website\"},\"datePublished\":\"2021-07-06T15:51:02+00:00\",\"dateModified\":\"2025-12-23T19:55:22+00:00\",\"description\":\"Worldcast Graphics est un studio de motion design et cr\u00e9ation vid\u00e9o sp\u00e9cialis\u00e9 dans les animations, montages et graphismes professionnels pour les marques et entreprises.\",\"breadcrumb\":{\"@id\":\"https:\/\/www.worldcastgraphics.com\/index.php\/entreprise\/#breadcrumb\"},\"inLanguage\":\"fr-FR\",\"potentialAction\":[{\"@type\":\"ReadAction\",\"target\":[\"https:\/\/www.worldcastgraphics.com\/index.php\/entreprise\/\"]}]},{\"@type\":\"BreadcrumbList\",\"@id\":\"https:\/\/www.worldcastgraphics.com\/index.php\/entreprise\/#breadcrumb\",\"itemListElement\":[{\"@type\":\"ListItem\",\"position\":1,\"name\":\"Accueil\",\"item\":\"https:\/\/www.worldcastgraphics.com\/\"},{\"@type\":\"ListItem\",\"position\":2,\"name\":\"Entreprise\"}]},{\"@type\":\"WebSite\",\"@id\":\"https:\/\/www.worldcastgraphics.com\/#website\",\"url\":\"https:\/\/www.worldcastgraphics.com\/\",\"name\":\"WorldCast Graphics\",\"description\":\"Worldcast Graphics\",\"publisher\":{\"@id\":\"https:\/\/www.worldcastgraphics.com\/#\/schema\/person\/38e50573cf516f65d0d78720022d6c76\"},\"potentialAction\":[{\"@type\":\"SearchAction\",\"target\":{\"@type\":\"EntryPoint\",\"urlTemplate\":\"https:\/\/www.worldcastgraphics.com\/?s={search_term_string}\"},\"query-input\":{\"@type\":\"PropertyValueSpecification\",\"valueRequired\":true,\"valueName\":\"search_term_string\"}}],\"inLanguage\":\"fr-FR\"},{\"@type\":[\"Person\",\"Organization\"],\"@id\":\"https:\/\/www.worldcastgraphics.com\/#\/schema\/person\/38e50573cf516f65d0d78720022d6c76\",\"name\":\"admin1370\",\"image\":{\"@type\":\"ImageObject\",\"inLanguage\":\"fr-FR\",\"@id\":\"https:\/\/www.worldcastgraphics.com\/#\/schema\/person\/image\/\",\"url\":\"https:\/\/www.worldcastgraphics.com\/wp-content\/uploads\/2025\/12\/cropped-cropped-cropped-LOGO-WORLDCAST-GRAPHICS-01-1.png\",\"contentUrl\":\"https:\/\/www.worldcastgraphics.com\/wp-content\/uploads\/2025\/12\/cropped-cropped-cropped-LOGO-WORLDCAST-GRAPHICS-01-1.png\",\"width\":505,\"height\":224,\"caption\":\"admin1370\"},\"logo\":{\"@id\":\"https:\/\/www.worldcastgraphics.com\/#\/schema\/person\/image\/\"},\"sameAs\":[\"http:\/\/www.worldcastgraphics.com\"]}]}<\/script>\n<!-- \/ Yoast SEO plugin. -->","yoast_head_json":{"title":"Aide \u00e0 la cr\u00e9ation d'entreprise en situation RQTH","description":"Worldcast Graphics est un studio de motion design et cr\u00e9ation vid\u00e9o sp\u00e9cialis\u00e9 dans les animations, montages et graphismes professionnels pour les marques et entreprises.","robots":{"index":"index","follow":"follow","max-snippet":"max-snippet:-1","max-image-preview":"max-image-preview:large","max-video-preview":"max-video-preview:-1"},"canonical":"https:\/\/www.worldcastgraphics.com\/index.php\/entreprise\/","og_locale":"fr_FR","og_type":"article","og_title":"Aide \u00e0 la cr\u00e9ation d'entreprise en situation RQTH","og_description":"Worldcast Graphics est un studio de motion design et cr\u00e9ation vid\u00e9o sp\u00e9cialis\u00e9 dans les animations, montages et graphismes professionnels pour les marques et entreprises.","og_url":"https:\/\/www.worldcastgraphics.com\/index.php\/entreprise\/","og_site_name":"Worldcast Graphic","article_modified_time":"2025-12-23T19:55:22+00:00","twitter_card":"summary_large_image","twitter_misc":{"Dur\u00e9e de lecture estim\u00e9e":"1 minute"},"schema":{"@context":"https:\/\/schema.org","@graph":[{"@type":"WebPage","@id":"https:\/\/www.worldcastgraphics.com\/index.php\/entreprise\/","url":"https:\/\/www.worldcastgraphics.com\/index.php\/entreprise\/","name":"Aide \u00e0 la cr\u00e9ation d'entreprise en situation RQTH","isPartOf":{"@id":"https:\/\/www.worldcastgraphics.com\/#website"},"datePublished":"2021-07-06T15:51:02+00:00","dateModified":"2025-12-23T19:55:22+00:00","description":"Worldcast Graphics est un studio de motion design et cr\u00e9ation vid\u00e9o sp\u00e9cialis\u00e9 dans les animations, montages et graphismes professionnels pour les marques et entreprises.","breadcrumb":{"@id":"https:\/\/www.worldcastgraphics.com\/index.php\/entreprise\/#breadcrumb"},"inLanguage":"fr-FR","potentialAction":[{"@type":"ReadAction","target":["https:\/\/www.worldcastgraphics.com\/index.php\/entreprise\/"]}]},{"@type":"BreadcrumbList","@id":"https:\/\/www.worldcastgraphics.com\/index.php\/entreprise\/#breadcrumb","itemListElement":[{"@type":"ListItem","position":1,"name":"Accueil","item":"https:\/\/www.worldcastgraphics.com\/"},{"@type":"ListItem","position":2,"name":"Entreprise"}]},{"@type":"WebSite","@id":"https:\/\/www.worldcastgraphics.com\/#website","url":"https:\/\/www.worldcastgraphics.com\/","name":"WorldCast Graphics","description":"Worldcast Graphics","publisher":{"@id":"https:\/\/www.worldcastgraphics.com\/#\/schema\/person\/38e50573cf516f65d0d78720022d6c76"},"potentialAction":[{"@type":"SearchAction","target":{"@type":"EntryPoint","urlTemplate":"https:\/\/www.worldcastgraphics.com\/?s={search_term_string}"},"query-input":{"@type":"PropertyValueSpecification","valueRequired":true,"valueName":"search_term_string"}}],"inLanguage":"fr-FR"},{"@type":["Person","Organization"],"@id":"https:\/\/www.worldcastgraphics.com\/#\/schema\/person\/38e50573cf516f65d0d78720022d6c76","name":"admin1370","image":{"@type":"ImageObject","inLanguage":"fr-FR","@id":"https:\/\/www.worldcastgraphics.com\/#\/schema\/person\/image\/","url":"https:\/\/www.worldcastgraphics.com\/wp-content\/uploads\/2025\/12\/cropped-cropped-cropped-LOGO-WORLDCAST-GRAPHICS-01-1.png","contentUrl":"https:\/\/www.worldcastgraphics.com\/wp-content\/uploads\/2025\/12\/cropped-cropped-cropped-LOGO-WORLDCAST-GRAPHICS-01-1.png","width":505,"height":224,"caption":"admin1370"},"logo":{"@id":"https:\/\/www.worldcastgraphics.com\/#\/schema\/person\/image\/"},"sameAs":["http:\/\/www.worldcastgraphics.com"]}]}},"_links":{"self":[{"href":"https:\/\/www.worldcastgraphics.com\/index.php\/wp-json\/wp\/v2\/pages\/101","targetHints":{"allow":["GET"]}}],"collection":[{"href":"https:\/\/www.worldcastgraphics.com\/index.php\/wp-json\/wp\/v2\/pages"}],"about":[{"href":"https:\/\/www.worldcastgraphics.com\/index.php\/wp-json\/wp\/v2\/types\/page"}],"author":[{"embeddable":true,"href":"https:\/\/www.worldcastgraphics.com\/index.php\/wp-json\/wp\/v2\/users\/1"}],"replies":[{"embeddable":true,"href":"https:\/\/www.worldcastgraphics.com\/index.php\/wp-json\/wp\/v2\/comments?post=101"}],"version-history":[{"count":74,"href":"https:\/\/www.worldcastgraphics.com\/index.php\/wp-json\/wp\/v2\/pages\/101\/revisions"}],"predecessor-version":[{"id":1073,"href":"https:\/\/www.worldcastgraphics.com\/index.php\/wp-json\/wp\/v2\/pages\/101\/revisions\/1073"}],"wp:attachment":[{"href":"https:\/\/www.worldcastgraphics.com\/index.php\/wp-json\/wp\/v2\/media?parent=101"}],"curies":[{"name":"wp","href":"https:\/\/api.w.org\/{rel}","templated":true}]}}